{"id":3047,"date":"2026-02-19T21:26:36","date_gmt":"2026-02-19T21:26:36","guid":{"rendered":"https:\/\/eurocristal.com.co\/?post_type=product&#038;p=3047"},"modified":"2026-02-19T21:27:30","modified_gmt":"2026-02-19T21:27:30","slug":"circon-alpha-round-4-00mm-white-10-unidades","status":"publish","type":"product","link":"https:\/\/eurocristal.com.co\/?product=circon-alpha-round-4-00mm-white-10-unidades","title":{"rendered":"CIRC\u00d3N ALPHA ROUND 4.00mm WHITE -10 UNIDADES-"},"content":{"rendered":"","protected":false},"excerpt":{"rendered":"<p>Un modelo de precisi\u00f3n geom\u00e9trica, nuestro corte redondo reinventado logra la proporci\u00f3n m\u00e1s ideal de brillo, centelleo y fuego jam\u00e1s ejemplificada por la circonita c\u00fabica de corte redondo. Llamada as\u00ed por la primera letra del alfabeto griego, el corte Alpha rinde homenaje a los antiguos matem\u00e1ticos griegos a los que se les atribuye la invenci\u00f3n de la geometr\u00eda, en cuyo intelecto y esp\u00edritu pionero confiamos tanto<\/p>\n<p><strong>Informaci\u00f3n b\u00e1sica<\/strong><\/p>\n<p>Apto para fundici\u00f3n a la cera perdida<\/p>\n<ul>\n<li>Composici\u00f3n qu\u00edmica: ZrO\u2082 + Y,O\u2083<\/li>\n<li>Estructura: c\u00fabica<\/li>\n<li>Dureza: 8,5\u00b0 Mohs<\/li>\n<li>Densidad: 5,9 g\/cm\u00b3<\/li>\n<li>\u00cdndice de refracci\u00f3n: 2,17<\/li>\n<li>Resistencia al calor de la zirconia c\u00fabica blanca: 2000 \u00b0C\/3632 \u00b0F<\/li>\n<\/ul>\n<p>La respuesta artificial a los diamantes naturales, la zirconia c\u00fabica cuenta con una estructura perfecta, una dureza extrema y una incre\u00edble dispersi\u00f3n de la luz. Fabricadas \u00fanicamente con zirconia c\u00fabica en bruto de la m\u00e1s alta calidad y sin inclusiones, las piedras de zirconia c\u00fabica Preciosa se pulen individualmente para lograr un brillo a\u00fan m\u00e1s brillante que su contraparte natural.<\/p>\n<p>Art\u00edculo: Round brillant<\/p>\n<p>Categor\u00eda: Circ\u00f3n<\/p>\n<p>Unidades: 10 UNIDADES POR PAQUETE<\/p>\n<p>Tama\u00f1o: 4 mm<\/p>\n<p>Color: White<\/p>\n","protected":false},"featured_media":2726,"comment_status":"open","ping_status":"closed","template":"","meta":[],"product_brand":[],"product_cat":[21],"product_tag":[],"class_list":{"0":"post-3047","1":"product","2":"type-product","3":"status-publish","4":"has-post-thumbnail","6":"product_cat-zirconia-andnanogems","8":"first","9":"instock","10":"taxable","11":"shipping-taxable","12":"purchasable","13":"product-type-simple"},"_links":{"self":[{"href":"https:\/\/eurocristal.com.co\/index.php?rest_route=\/wp\/v2\/product\/3047","targetHints":{"allow":["GET"]}}],"collection":[{"href":"https:\/\/eurocristal.com.co\/index.php?rest_route=\/wp\/v2\/product"}],"about":[{"href":"https:\/\/eurocristal.com.co\/index.php?rest_route=\/wp\/v2\/types\/product"}],"replies":[{"embeddable":true,"href":"https:\/\/eurocristal.com.co\/index.php?rest_route=%2Fwp%2Fv2%2Fcomments&post=3047"}],"wp:featuredmedia":[{"embeddable":true,"href":"https:\/\/eurocristal.com.co\/index.php?rest_route=\/wp\/v2\/media\/2726"}],"wp:attachment":[{"href":"https:\/\/eurocristal.com.co\/index.php?rest_route=%2Fwp%2Fv2%2Fmedia&parent=3047"}],"wp:term":[{"taxonomy":"product_brand","embeddable":true,"href":"https:\/\/eurocristal.com.co\/index.php?rest_route=%2Fwp%2Fv2%2Fproduct_brand&post=3047"},{"taxonomy":"product_cat","embeddable":true,"href":"https:\/\/eurocristal.com.co\/index.php?rest_route=%2Fwp%2Fv2%2Fproduct_cat&post=3047"},{"taxonomy":"product_tag","embeddable":true,"href":"https:\/\/eurocristal.com.co\/index.php?rest_route=%2Fwp%2Fv2%2Fproduct_tag&post=3047"}],"curies":[{"name":"wp","href":"https:\/\/api.w.org\/{rel}","templated":true}]}}