{"id":2747,"date":"2025-04-22T20:35:49","date_gmt":"2025-04-22T20:35:49","guid":{"rendered":"https:\/\/eurocristal.com.co\/?post_type=product&#038;p=2747"},"modified":"2025-07-10T19:49:13","modified_gmt":"2025-07-10T19:49:13","slug":"circon-triangle-step-4-00mm-white","status":"publish","type":"product","link":"https:\/\/eurocristal.com.co\/?product=circon-triangle-step-4-00mm-white","title":{"rendered":"Circ\u00f3n Triangle Step 4.00mm WHITE -10 UNIDADES-"},"content":{"rendered":"","protected":false},"excerpt":{"rendered":"<p>El corte Triangle de Preciosa para piedras de joyer\u00eda fina son cortadas y pulidas individualmente a una perfecci\u00f3n deslumbrante, nuestros circones son reconocidos en toda la industria joyera mundial por su inigualable dispersi\u00f3n de la luz y calidad.<\/p>\n<p><strong>Informaci\u00f3n b\u00e1sica<\/strong><\/p>\n<p>Apto para fundici\u00f3n a la cera perdida<\/p>\n<ul>\n<li>Composici\u00f3n qu\u00edmica: ZrO\u2082 + Y,O\u2083<\/li>\n<li>Estructura: c\u00fabica<\/li>\n<li>Dureza: 8,5\u00b0 Mohs<\/li>\n<li>Densidad: 5,9 g\/cm\u00b3<\/li>\n<li>\u00cdndice de refracci\u00f3n: 2,17<\/li>\n<li>Resistencia al calor de la zirconia c\u00fabica blanca: 2000 \u00b0C\/3632 \u00b0F<\/li>\n<\/ul>\n<p>La respuesta artificial a los diamantes naturales, la zirconia c\u00fabica cuenta con una estructura perfecta, una dureza extrema y una incre\u00edble dispersi\u00f3n de la luz. Fabricadas \u00fanicamente con zirconia c\u00fabica en bruto de la m\u00e1s alta calidad y sin inclusiones.<\/p>\n<p>Art\u00edculo: Triangle Step<\/p>\n<p>Categor\u00eda: Circ\u00f3n<\/p>\n<p>Unidades: 10 UNIDADES POR PAQUETE<\/p>\n<p>Tama\u00f1o: 4 mm<\/p>\n<p>Color: White<\/p>\n","protected":false},"featured_media":2752,"comment_status":"open","ping_status":"closed","template":"","meta":[],"product_brand":[],"product_cat":[21],"product_tag":[48],"class_list":{"0":"post-2747","1":"product","2":"type-product","3":"status-publish","4":"has-post-thumbnail","6":"product_cat-zirconia-andnanogems","7":"product_tag-triangle-step","9":"first","10":"instock","11":"taxable","12":"shipping-taxable","13":"purchasable","14":"product-type-simple"},"_links":{"self":[{"href":"https:\/\/eurocristal.com.co\/index.php?rest_route=\/wp\/v2\/product\/2747","targetHints":{"allow":["GET"]}}],"collection":[{"href":"https:\/\/eurocristal.com.co\/index.php?rest_route=\/wp\/v2\/product"}],"about":[{"href":"https:\/\/eurocristal.com.co\/index.php?rest_route=\/wp\/v2\/types\/product"}],"replies":[{"embeddable":true,"href":"https:\/\/eurocristal.com.co\/index.php?rest_route=%2Fwp%2Fv2%2Fcomments&post=2747"}],"wp:featuredmedia":[{"embeddable":true,"href":"https:\/\/eurocristal.com.co\/index.php?rest_route=\/wp\/v2\/media\/2752"}],"wp:attachment":[{"href":"https:\/\/eurocristal.com.co\/index.php?rest_route=%2Fwp%2Fv2%2Fmedia&parent=2747"}],"wp:term":[{"taxonomy":"product_brand","embeddable":true,"href":"https:\/\/eurocristal.com.co\/index.php?rest_route=%2Fwp%2Fv2%2Fproduct_brand&post=2747"},{"taxonomy":"product_cat","embeddable":true,"href":"https:\/\/eurocristal.com.co\/index.php?rest_route=%2Fwp%2Fv2%2Fproduct_cat&post=2747"},{"taxonomy":"product_tag","embeddable":true,"href":"https:\/\/eurocristal.com.co\/index.php?rest_route=%2Fwp%2Fv2%2Fproduct_tag&post=2747"}],"curies":[{"name":"wp","href":"https:\/\/api.w.org\/{rel}","templated":true}]}}