{"id":2279,"date":"2025-02-19T13:14:47","date_gmt":"2025-02-19T13:14:47","guid":{"rendered":"https:\/\/eurocristal.com.co\/?post_type=product&#038;p=2279"},"modified":"2025-07-10T19:46:59","modified_gmt":"2025-07-10T19:46:59","slug":"cushion-square-maxima-18x18mm-vitrail-light","status":"publish","type":"product","link":"https:\/\/eurocristal.com.co\/?product=cushion-square-maxima-18x18mm-vitrail-light","title":{"rendered":"Cushion Square MAXIMA 18x18mm Vitrail Light -1 UNIDAD-"},"content":{"rendered":"","protected":false},"excerpt":{"rendered":"<p>Los cristales para joyer\u00eda traen un lado c\u00f3nico similar a un diamante, ideales para ser engastados en diferentes\u00a0superficies.<\/p>\n<p>Estos componentes permiten crear infinitos dise\u00f1os en joyer\u00eda por su gran variedad de colores, efectos, formas y tama\u00f1os. Gracias a su m\u00e1ximo brillo, se pueden crear piezas \u00fanicas y de la m\u00e1s alta calidad.<br \/>\nEspecificaciones<br \/>\nArt\u00edculo: Cushion Square MAXIMA<br \/>\nCategor\u00eda: Joyer\u00eda<br \/>\nUnidades: 1 UNIDAD POR PAQUETE<br \/>\nTama\u00f1o: 18x18mm<br \/>\nMaterial: Cristal Checo<br \/>\nColor: Vitrail Light<\/p>\n","protected":false},"featured_media":1795,"comment_status":"closed","ping_status":"closed","template":"","meta":[],"product_brand":[],"product_cat":[23],"product_tag":[34],"class_list":{"0":"post-2279","1":"product","2":"type-product","3":"status-publish","4":"has-post-thumbnail","6":"product_cat-jewelry-fancy-stones","7":"product_tag-cushion-square","9":"first","10":"instock","11":"taxable","12":"shipping-taxable","13":"purchasable","14":"product-type-simple"},"_links":{"self":[{"href":"https:\/\/eurocristal.com.co\/index.php?rest_route=\/wp\/v2\/product\/2279","targetHints":{"allow":["GET"]}}],"collection":[{"href":"https:\/\/eurocristal.com.co\/index.php?rest_route=\/wp\/v2\/product"}],"about":[{"href":"https:\/\/eurocristal.com.co\/index.php?rest_route=\/wp\/v2\/types\/product"}],"replies":[{"embeddable":true,"href":"https:\/\/eurocristal.com.co\/index.php?rest_route=%2Fwp%2Fv2%2Fcomments&post=2279"}],"wp:featuredmedia":[{"embeddable":true,"href":"https:\/\/eurocristal.com.co\/index.php?rest_route=\/wp\/v2\/media\/1795"}],"wp:attachment":[{"href":"https:\/\/eurocristal.com.co\/index.php?rest_route=%2Fwp%2Fv2%2Fmedia&parent=2279"}],"wp:term":[{"taxonomy":"product_brand","embeddable":true,"href":"https:\/\/eurocristal.com.co\/index.php?rest_route=%2Fwp%2Fv2%2Fproduct_brand&post=2279"},{"taxonomy":"product_cat","embeddable":true,"href":"https:\/\/eurocristal.com.co\/index.php?rest_route=%2Fwp%2Fv2%2Fproduct_cat&post=2279"},{"taxonomy":"product_tag","embeddable":true,"href":"https:\/\/eurocristal.com.co\/index.php?rest_route=%2Fwp%2Fv2%2Fproduct_tag&post=2279"}],"curies":[{"name":"wp","href":"https:\/\/api.w.org\/{rel}","templated":true}]}}