{"id":2198,"date":"2025-02-19T13:13:55","date_gmt":"2025-02-19T13:13:55","guid":{"rendered":"https:\/\/eurocristal.com.co\/?post_type=product&#038;p=2198"},"modified":"2026-03-09T22:50:31","modified_gmt":"2026-03-09T22:50:31","slug":"rombo-3mm-amethyst","status":"publish","type":"product","link":"https:\/\/eurocristal.com.co\/?product=rombo-3mm-amethyst","title":{"rendered":"Rombo 3mm Amethyst -144\u00a0UNIDADES-"},"content":{"rendered":"","protected":false},"excerpt":{"rendered":"<p>Nuestro rombo PRECIOSA con cortes perfectos y excelente calidad se destacan cada d\u00eda m\u00e1s por sus intensos colores y efectos inconfundibles. Decora y dise\u00f1a accesorios espectaculares de bisuter\u00eda fina con estos cristales.<br \/>\nEspecificaciones<br \/>\nArt\u00edculo: Rombo Cristal<br \/>\nCategor\u00eda: Bisuteria fina<br \/>\nUnidades: 144 UNIDADES POR PAQUETE<br \/>\nTama\u00f1o: 3mm<br \/>\nMaterial: Cristal Checo<br \/>\nColor: Amethyst<\/p>\n","protected":false},"featured_media":1507,"comment_status":"closed","ping_status":"closed","template":"","meta":[],"product_brand":[],"product_cat":[16],"product_tag":[31],"class_list":{"0":"post-2198","1":"product","2":"type-product","3":"status-publish","4":"has-post-thumbnail","6":"product_cat-beads-and-pendants","7":"product_tag-rombo","9":"first","10":"instock","11":"taxable","12":"shipping-taxable","13":"purchasable","14":"product-type-simple"},"_links":{"self":[{"href":"https:\/\/eurocristal.com.co\/index.php?rest_route=\/wp\/v2\/product\/2198","targetHints":{"allow":["GET"]}}],"collection":[{"href":"https:\/\/eurocristal.com.co\/index.php?rest_route=\/wp\/v2\/product"}],"about":[{"href":"https:\/\/eurocristal.com.co\/index.php?rest_route=\/wp\/v2\/types\/product"}],"replies":[{"embeddable":true,"href":"https:\/\/eurocristal.com.co\/index.php?rest_route=%2Fwp%2Fv2%2Fcomments&post=2198"}],"wp:featuredmedia":[{"embeddable":true,"href":"https:\/\/eurocristal.com.co\/index.php?rest_route=\/wp\/v2\/media\/1507"}],"wp:attachment":[{"href":"https:\/\/eurocristal.com.co\/index.php?rest_route=%2Fwp%2Fv2%2Fmedia&parent=2198"}],"wp:term":[{"taxonomy":"product_brand","embeddable":true,"href":"https:\/\/eurocristal.com.co\/index.php?rest_route=%2Fwp%2Fv2%2Fproduct_brand&post=2198"},{"taxonomy":"product_cat","embeddable":true,"href":"https:\/\/eurocristal.com.co\/index.php?rest_route=%2Fwp%2Fv2%2Fproduct_cat&post=2198"},{"taxonomy":"product_tag","embeddable":true,"href":"https:\/\/eurocristal.com.co\/index.php?rest_route=%2Fwp%2Fv2%2Fproduct_tag&post=2198"}],"curies":[{"name":"wp","href":"https:\/\/api.w.org\/{rel}","templated":true}]}}