{"id":2131,"date":"2025-02-19T13:13:20","date_gmt":"2025-02-19T13:13:20","guid":{"rendered":"https:\/\/eurocristal.com.co\/?post_type=product&#038;p=2131"},"modified":"2026-03-13T19:45:25","modified_gmt":"2026-03-13T19:45:25","slug":"rose-viva-12-ss20-aqua-bohemica-hf","status":"publish","type":"product","link":"https:\/\/eurocristal.com.co\/?product=rose-viva-12-ss20-aqua-bohemica-hf","title":{"rendered":"Rose viva 12 ss20 Aqua Bohemica HF -144\u00a0UNIDADES-"},"content":{"rendered":"","protected":false},"excerpt":{"rendered":"<p>Nuestro cristal tipo Hot-Fix (pegar al calor) m\u00e1s conocido por su facilidad para pegar y su gran variedad de colores y tama\u00f1os. Ideal para decorar vestidos, mochilas wayuu y trajes deportivos que deseen brillar con luz propia.<\/p>\n<p>Desde un par de jeans hasta un vestido de novia se visten de brillo y lujo. Los cristales \u201cHot-Fix\u201d cuentan con una pel\u00edcula adhesiva en su reverso para que con la ayuda de calor (caut\u00edn, plancha com\u00fan o prensa industrial) se puedan fijar a la tela u otro material.<br \/>\nEspecificaciones<br \/>\nArt\u00edculo: Cristal para pegar al calor (Hot-Fix)<br \/>\nCategor\u00eda: Textil y moda<br \/>\nUnidades: 144\u00a0UNIDADES POR PAQUETE<br \/>\nTama\u00f1o: SS30 (5 mm aproximadamente)<br \/>\nMaterial: Cristal Checo<br \/>\nColor: Aqua Bohemica<\/p>\n","protected":false},"featured_media":1645,"comment_status":"open","ping_status":"closed","template":"","meta":[],"product_brand":[],"product_cat":[25],"product_tag":[33],"class_list":{"0":"post-2131","1":"product","2":"type-product","3":"status-publish","4":"has-post-thumbnail","6":"product_cat-flatback-stones","7":"product_tag-rose-viva-hf","9":"first","10":"instock","11":"taxable","12":"shipping-taxable","13":"purchasable","14":"product-type-simple"},"_links":{"self":[{"href":"https:\/\/eurocristal.com.co\/index.php?rest_route=\/wp\/v2\/product\/2131","targetHints":{"allow":["GET"]}}],"collection":[{"href":"https:\/\/eurocristal.com.co\/index.php?rest_route=\/wp\/v2\/product"}],"about":[{"href":"https:\/\/eurocristal.com.co\/index.php?rest_route=\/wp\/v2\/types\/product"}],"replies":[{"embeddable":true,"href":"https:\/\/eurocristal.com.co\/index.php?rest_route=%2Fwp%2Fv2%2Fcomments&post=2131"}],"wp:featuredmedia":[{"embeddable":true,"href":"https:\/\/eurocristal.com.co\/index.php?rest_route=\/wp\/v2\/media\/1645"}],"wp:attachment":[{"href":"https:\/\/eurocristal.com.co\/index.php?rest_route=%2Fwp%2Fv2%2Fmedia&parent=2131"}],"wp:term":[{"taxonomy":"product_brand","embeddable":true,"href":"https:\/\/eurocristal.com.co\/index.php?rest_route=%2Fwp%2Fv2%2Fproduct_brand&post=2131"},{"taxonomy":"product_cat","embeddable":true,"href":"https:\/\/eurocristal.com.co\/index.php?rest_route=%2Fwp%2Fv2%2Fproduct_cat&post=2131"},{"taxonomy":"product_tag","embeddable":true,"href":"https:\/\/eurocristal.com.co\/index.php?rest_route=%2Fwp%2Fv2%2Fproduct_tag&post=2131"}],"curies":[{"name":"wp","href":"https:\/\/api.w.org\/{rel}","templated":true}]}}