{"id":2125,"date":"2025-02-19T13:13:20","date_gmt":"2025-02-19T13:13:20","guid":{"rendered":"https:\/\/eurocristal.com.co\/?post_type=product&#038;p=2125"},"modified":"2026-02-19T21:46:48","modified_gmt":"2026-02-19T21:46:48","slug":"cristal-checo-navette-en-base-metalica-plateada-10x5-mm-cristal","status":"publish","type":"product","link":"https:\/\/eurocristal.com.co\/?product=cristal-checo-navette-en-base-metalica-plateada-10x5-mm-cristal","title":{"rendered":"Nanogema Heart cut 4 mm EMERALD -5 UNIDADES-"},"content":{"rendered":"","protected":false},"excerpt":{"rendered":"<p>El corte coraz\u00f3n de Preciosa para nanogemas son cortadas y pulidas individualmente a una perfecci\u00f3n deslumbrante, nuestras nanogemas son reconocidas en toda la industria joyera mundial por su inigualable dispersi\u00f3n de la luz y calidad<\/p>\n<p><strong>Informaci\u00f3n b\u00e1sica<\/strong><\/p>\n<p>Adecuado para fundici\u00f3n a la cera perdida<\/p>\n<ul>\n<li>Composici\u00f3n qu\u00edmica: Al2O3, MgO, TiO\u2082, SiO\u2082<\/li>\n<li>Estructura: vitrocer\u00e1mica<\/li>\n<li>Dureza: 7-7,5\u00b0 Mohs<\/li>\n<li>Densidad: 3-3,5 g\/cm\u00b3<\/li>\n<li>\u00cdndice de refracci\u00f3n: 1,62-1,64<\/li>\n<li>Resistencia al calor: 1100 \u00b0C\/2012 \u00b0F<\/li>\n<\/ul>\n<p>Excepcionalmente brillantes y pr\u00e1cticamente indestructibles, son resistentes a \u00e1cidos, bases y humedad, las Preciosa Nanogemas vienen en una amplia variedad de tonos \u00fanicos que nunca se desvanecer\u00e1n ni cambiar\u00e1n de color.<\/p>\n<p>Art\u00edculo: Heart Cut<\/p>\n<p>Categor\u00eda: Nanogemas<\/p>\n<p>Unidades: 5 UNIDADES POR PAQUETE<\/p>\n<p>Tama\u00f1o: 4 mm<\/p>\n<p>Color: Emerald<\/p>\n","protected":false},"featured_media":3057,"comment_status":"open","ping_status":"closed","template":"","meta":[],"product_brand":[],"product_cat":[21],"product_tag":[43],"class_list":{"0":"post-2125","1":"product","2":"type-product","3":"status-publish","4":"has-post-thumbnail","6":"product_cat-zirconia-andnanogems","7":"product_tag-heart-cut","9":"first","10":"instock","11":"taxable","12":"shipping-taxable","13":"purchasable","14":"product-type-simple"},"_links":{"self":[{"href":"https:\/\/eurocristal.com.co\/index.php?rest_route=\/wp\/v2\/product\/2125","targetHints":{"allow":["GET"]}}],"collection":[{"href":"https:\/\/eurocristal.com.co\/index.php?rest_route=\/wp\/v2\/product"}],"about":[{"href":"https:\/\/eurocristal.com.co\/index.php?rest_route=\/wp\/v2\/types\/product"}],"replies":[{"embeddable":true,"href":"https:\/\/eurocristal.com.co\/index.php?rest_route=%2Fwp%2Fv2%2Fcomments&post=2125"}],"wp:featuredmedia":[{"embeddable":true,"href":"https:\/\/eurocristal.com.co\/index.php?rest_route=\/wp\/v2\/media\/3057"}],"wp:attachment":[{"href":"https:\/\/eurocristal.com.co\/index.php?rest_route=%2Fwp%2Fv2%2Fmedia&parent=2125"}],"wp:term":[{"taxonomy":"product_brand","embeddable":true,"href":"https:\/\/eurocristal.com.co\/index.php?rest_route=%2Fwp%2Fv2%2Fproduct_brand&post=2125"},{"taxonomy":"product_cat","embeddable":true,"href":"https:\/\/eurocristal.com.co\/index.php?rest_route=%2Fwp%2Fv2%2Fproduct_cat&post=2125"},{"taxonomy":"product_tag","embeddable":true,"href":"https:\/\/eurocristal.com.co\/index.php?rest_route=%2Fwp%2Fv2%2Fproduct_tag&post=2125"}],"curies":[{"name":"wp","href":"https:\/\/api.w.org\/{rel}","templated":true}]}}